{"id":2509,"date":"2017-05-05T10:37:38","date_gmt":"2017-05-05T08:37:38","guid":{"rendered":"https:\/\/reum-schwarze.de\/?page_id=2509"},"modified":"2024-08-21T16:53:09","modified_gmt":"2024-08-21T14:53:09","slug":"referenzen-anlage","status":"publish","type":"page","link":"https:\/\/reum-schwarze.de\/en\/home\/referenzen-anlage\/","title":{"rendered":"Commercial"},"content":{"rendered":"<div class=\"wpb-content-wrapper\"><p>[vc_row row_type=&#8221;row&#8221; use_row_as_full_screen_section=&#8221;no&#8221; type=&#8221;full_width&#8221; angled_section=&#8221;no&#8221; text_align=&#8221;left&#8221; background_image_as_pattern=&#8221;without_pattern&#8221; css_animation=&#8221;&#8221; css=&#8221;.vc_custom_1467404553761{padding-top: 30px !important;}&#8221;][vc_column][vc_column_text]<\/p>\n<pre><code><\/code><\/pre>\n<p>[\/vc_column_text][\/vc_column][\/vc_row][vc_row row_type=&#8221;row&#8221; use_row_as_full_screen_section=&#8221;no&#8221; type=&#8221;full_width&#8221; angled_section=&#8221;no&#8221; text_align=&#8221;left&#8221; background_image_as_pattern=&#8221;without_pattern&#8221; css_animation=&#8221;&#8221;][vc_column][vc_separator type=&#8221;normal&#8221; color=&#8221;#e8e8e8&#8243; thickness=&#8221;1&#8243; up=&#8221;2&#8243;][\/vc_column][\/vc_row][vc_row row_type=&#8221;row&#8221; use_row_as_full_screen_section=&#8221;no&#8221; type=&#8221;full_width&#8221; angled_section=&#8221;no&#8221; text_align=&#8221;left&#8221; background_image_as_pattern=&#8221;without_pattern&#8221; css_animation=&#8221;&#8221; css=&#8221;.vc_custom_1467624809477{padding-top: 7px !important;padding-right: 15px !important;}&#8221;][vc_column width=&#8221;1\/2&#8243;][vc_column_text]<\/p>\n<h3 class=\"csc-header\">SACHWERTANLAGE NACH MASS<\/h3>\n<p>&nbsp;<\/p>\n<p>Jeder Immobilienkauf bedarf im Vorfeld einer individuellen Analyse. Dabei sind neben Ihren W\u00fcnschen und Zielen weitere Punkte zu ber\u00fccksichtigen, von der angestrebten Rendite, \u00fcber die gesuchte Standortqualit\u00e4t, bis hin zum Aufwand bei der Bewirtschaftung Ihres k\u00fcnftigen Eigentums.<\/p>\n<p>&nbsp;<\/p>\n<p>Wenn dagegen zum Beispiel die Bewirtschaftung einer Immobilie zur Last wird, kann eine Verm\u00f6gensumschichtung genauso \u00fcberlegenswert sein, wie in Vorbereitung auf den Generationswechsel oder mit Blick auf ein ver\u00e4nderte steuerliche oder finanzierungsseitige Situation.<\/p>\n<p>&nbsp;<\/p>\n<p>Wir sto\u00dfen daher bei K\u00e4ufern wie auch Eigent\u00fcmern immer wieder auf einen umfangreichen Beratungsbedarf, dem wir uns gerne stellen.[\/vc_column_text][\/vc_column][vc_column width=&#8221;1\/4&#8243;][vc_row_inner row_type=&#8221;row&#8221; type=&#8221;full_width&#8221; text_align=&#8221;left&#8221; css_animation=&#8221;&#8221; css=&#8221;.vc_custom_1467624728043{padding-right: 15px !important;}&#8221;][vc_column_inner el_class=&#8221;gray_frame&#8221;][vc_separator type=&#8221;transparent&#8221; up=&#8221;15&#8243;][vc_column_text]<\/p>\n<p style=\"text-align: center;\">Mehrfamilienhaus<\/p>\n<p style=\"text-align: center;\">kaufen<\/p>\n<p>[\/vc_column_text][vc_separator type=&#8221;transparent&#8221; up=&#8221;15&#8243;][\/vc_column_inner][\/vc_row_inner][vc_row_inner row_type=&#8221;row&#8221; type=&#8221;full_width&#8221; text_align=&#8221;left&#8221; css_animation=&#8221;&#8221; css=&#8221;.vc_custom_1467624851583{padding-top: 17px !important;padding-right: 15px !important;}&#8221;][vc_column_inner el_class=&#8221;gray_frame&#8221;][vc_separator type=&#8221;transparent&#8221; up=&#8221;15&#8243;][vc_column_text]<\/p>\n<p style=\"text-align: center;\">Was ist Ihre Immobilie<\/p>\n<p style=\"text-align: center;\">wert?<\/p>\n<p>[\/vc_column_text][vc_separator type=&#8221;transparent&#8221; up=&#8221;15&#8243;][\/vc_column_inner][\/vc_row_inner][\/vc_column][vc_column width=&#8221;1\/4&#8243;][vc_row_inner row_type=&#8221;row&#8221; type=&#8221;full_width&#8221; text_align=&#8221;left&#8221; css_animation=&#8221;&#8221;][vc_column_inner el_class=&#8221;gray_frame&#8221;][vc_separator type=&#8221;transparent&#8221; up=&#8221;15&#8243;][vc_column_text]<\/p>\n<p style=\"text-align: center;\">Eigentumswohnung<\/p>\n<p style=\"text-align: center;\">kaufen<\/p>\n<p>[\/vc_column_text][vc_separator type=&#8221;transparent&#8221; up=&#8221;15&#8243;][\/vc_column_inner][\/vc_row_inner][vc_row_inner row_type=&#8221;row&#8221; type=&#8221;full_width&#8221; text_align=&#8221;left&#8221; css_animation=&#8221;&#8221; css=&#8221;.vc_custom_1467624860326{padding-top: 17px !important;}&#8221;][vc_column_inner el_class=&#8221;gray_frame&#8221;][vc_separator type=&#8221;transparent&#8221; up=&#8221;15&#8243;][vc_column_text]<\/p>\n<p style=\"text-align: center;\">Sie wollen eine Immobilie<\/p>\n<p style=\"text-align: center;\">verkaufen?<\/p>\n<p>[\/vc_column_text][vc_separator type=&#8221;transparent&#8221; up=&#8221;15&#8243;][\/vc_column_inner][\/vc_row_inner][\/vc_column][\/vc_row]<\/p>\n<\/div>","protected":false},"excerpt":{"rendered":"<p>[vc_row row_type=&#8221;row&#8221; use_row_as_full_screen_section=&#8221;no&#8221; type=&#8221;full_width&#8221; angled_section=&#8221;no&#8221; text_align=&#8221;left&#8221; background_image_as_pattern=&#8221;without_pattern&#8221; css_animation=&#8221;&#8221; css=&#8221;.vc_custom_1467404553761{padding-top: 30px !important;}&#8221;][vc_column][vc_column_text] [\/vc_column_text][\/vc_column][\/vc_row][vc_row row_type=&#8221;row&#8221; use_row_as_full_screen_section=&#8221;no&#8221; type=&#8221;full_width&#8221; angled_section=&#8221;no&#8221; text_align=&#8221;left&#8221; background_image_as_pattern=&#8221;without_pattern&#8221; css_animation=&#8221;&#8221;][vc_column][vc_separator type=&#8221;normal&#8221; color=&#8221;#e8e8e8&#8243; thickness=&#8221;1&#8243; up=&#8221;2&#8243;][\/vc_column][\/vc_row][vc_row row_type=&#8221;row&#8221; use_row_as_full_screen_section=&#8221;no&#8221; type=&#8221;full_width&#8221; angled_section=&#8221;no&#8221; text_align=&#8221;left&#8221; background_image_as_pattern=&#8221;without_pattern&#8221; css_animation=&#8221;&#8221; css=&#8221;.vc_custom_1467624809477{padding-top: 7px !important;padding-right: 15px !important;}&#8221;][vc_column width=&#8221;1\/2&#8243;][vc_column_text] SACHWERTANLAGE NACH MASS &nbsp; Jeder Immobilienkauf bedarf im Vorfeld&#8230;<\/p>\n","protected":false},"author":1,"featured_media":0,"parent":5,"menu_order":0,"comment_status":"closed","ping_status":"closed","template":"","meta":{"footnotes":""},"class_list":["post-2509","page","type-page","status-publish","hentry"],"_links":{"self":[{"href":"https:\/\/reum-schwarze.de\/en\/wp-json\/wp\/v2\/pages\/2509"}],"collection":[{"href":"https:\/\/reum-schwarze.de\/en\/wp-json\/wp\/v2\/pages"}],"about":[{"href":"https:\/\/reum-schwarze.de\/en\/wp-json\/wp\/v2\/types\/page"}],"author":[{"embeddable":true,"href":"https:\/\/reum-schwarze.de\/en\/wp-json\/wp\/v2\/users\/1"}],"replies":[{"embeddable":true,"href":"https:\/\/reum-schwarze.de\/en\/wp-json\/wp\/v2\/comments?post=2509"}],"version-history":[{"count":10,"href":"https:\/\/reum-schwarze.de\/en\/wp-json\/wp\/v2\/pages\/2509\/revisions"}],"predecessor-version":[{"id":3467,"href":"https:\/\/reum-schwarze.de\/en\/wp-json\/wp\/v2\/pages\/2509\/revisions\/3467"}],"up":[{"embeddable":true,"href":"https:\/\/reum-schwarze.de\/en\/wp-json\/wp\/v2\/pages\/5"}],"wp:attachment":[{"href":"https:\/\/reum-schwarze.de\/en\/wp-json\/wp\/v2\/media?parent=2509"}],"curies":[{"name":"wp","href":"https:\/\/api.w.org\/{rel}","templated":true}]}}