{"id":374,"date":"2016-07-11T20:16:30","date_gmt":"2016-07-11T18:16:30","guid":{"rendered":"http:\/\/pods.datega.com\/?page_id=374"},"modified":"2024-10-09T10:48:39","modified_gmt":"2024-10-09T08:48:39","slug":"unternehmen","status":"publish","type":"page","link":"https:\/\/reum-schwarze.de\/en\/home\/unternehmen\/","title":{"rendered":"Company"},"content":{"rendered":"<div class=\"wpb-content-wrapper\"><p>[vc_row row_type=&#8221;row&#8221; use_row_as_full_screen_section=&#8221;no&#8221; type=&#8221;full_width&#8221; angled_section=&#8221;no&#8221; text_align=&#8221;left&#8221; background_image_as_pattern=&#8221;without_pattern&#8221; css_animation=&#8221;&#8221; css=&#8221;.vc_custom_1467404553761{padding-top: 30px !important;}&#8221;][vc_column][vc_column_text]<\/p>\n<pre><code><\/code><\/pre>\n<p>[\/vc_column_text][\/vc_column][\/vc_row][vc_row row_type=&#8221;row&#8221; use_row_as_full_screen_section=&#8221;no&#8221; type=&#8221;full_width&#8221; angled_section=&#8221;no&#8221; text_align=&#8221;left&#8221; background_image_as_pattern=&#8221;without_pattern&#8221; css_animation=&#8221;&#8221;][vc_column][vc_separator type=&#8221;normal&#8221; color=&#8221;#e8e8e8&#8243; thickness=&#8221;1&#8243; up=&#8221;2&#8243;][\/vc_column][\/vc_row][vc_row row_type=&#8221;row&#8221; use_row_as_full_screen_section=&#8221;no&#8221; type=&#8221;full_width&#8221; angled_section=&#8221;no&#8221; text_align=&#8221;left&#8221; background_image_as_pattern=&#8221;without_pattern&#8221; css_animation=&#8221;&#8221;][vc_column][vc_column_text]<strong>REUM &amp; SCHWARZE<\/strong> \u2013 MARKE MIT TRADITION<\/p>\n<p>&nbsp;<\/p>\n<p>Gegr\u00fcndet 1999 und inhabergef\u00fchrt, ist REUM &amp; SCHWARZE ein Maklerunternehmen im klassischen Sinne, ausschlie\u00dflich beratend und vermittelnd t\u00e4tig, ans\u00e4ssig in D\u00fcsseldorf sowie in Leipzig. Obwohl wir \u00fcber enge Netzwerke in unseren M\u00e4rkten verf\u00fcgen, sind wir dennoch unabh\u00e4ngig und neutral, vor allem in der Bearbeitung unserer Mandate, ein entscheidender Aspekt und Grundsatz all unseres Handelns.<\/p>\n<p>&nbsp;<\/p>\n<p>&nbsp;<\/p>\n<p><strong>REUM &amp; SCHWARZE<\/strong> \u2013 DYNAMISCH, ZUVERL\u00c4SSIG, ERFOLGSORIENTIERT<\/p>\n<p>&nbsp;<\/p>\n<p>Sie wollen Ihr Haus oder Ihre Wohnung verkaufen? Sie sind auf der Suche nach der f\u00fcr Sie perfekten neuen Immobilie, zum Wohnen oder zur Kapitalanlage? Sowohl in der Objektaufnahme, Analyse und Bewertung, als auch der anschlie\u00dfenden Vermittlung sind wir die richtigen Ansprechpartner. Unser Service zeichnet sich besonders durch unsere Gr\u00fcndlichkeit aus. Nach unserer \u00dcberzeugung ist eine stabile Vertrauensbasis zwischen Makler und Mieter\/K\u00e4ufer sowie Vermieter\/Verk\u00e4ufer im Wohnungs- wie auch im Anlagemarkt die wichtigste Grundlage f\u00fcr jedes Gesch\u00e4ft. So legen wir mit unserer umfassenden Beratung, absoluter Zuverl\u00e4ssigkeit und tiefgreifendem Know-how den Grundstein f\u00fcr ein schnelles Erfolgserlebnis unserer Kunden. Von Anfang an operieren wir mit diesen Werten und haben uns dahingehend einen Namen gemacht.<\/p>\n<p>&nbsp;<\/p>\n<p>&nbsp;<\/p>\n<p><strong>REUM &amp; SCHWARZE<\/strong> \u2013 IMMOBILIENMAKLER MIT WEITBLICK<\/p>\n<p>&nbsp;<\/p>\n<p>Unsere Niederlassungen in D\u00fcsseldorf und Leipzig schlagen eine Br\u00fccke zwischen Ost und West, die Sie f\u00fcr Ihre Zwecke nutzen k\u00f6nnen. Die wachstumsstarken Metropolen der neuen Bundesl\u00e4nder bieten attraktive Immobilien und gleichzeitig ein hohes Ma\u00df an Sicherheit. Aber auch das Ballungsgebiet Nordrhein-Westfalen mit seinen vielen starken Standorten h\u00e4lt interessante Investitionsm\u00f6glichkeiten bereit. In welchem Immobilienmarkt Sie auch agieren m\u00f6chten, wir bieten Ihnen Synergien auf kurzem Wege und bringen Ihnen somit fremde M\u00e4rkte nah. Unsere Immobilienmakler erschlie\u00dfen Ihnen ein umfangreiches Angebot, basierend auf einer individuellen Analyse Ihrer Anforderungen und W\u00fcnsche. So haben Sie mit REUM &amp; SCHWARZE die besten Chancen f\u00fcr eine kluge Investition.<\/p>\n<p>&nbsp;<\/p>\n<p>&nbsp;<\/p>\n<p><strong>Seit 2013<\/strong> sind wir IHK-Ausbildungspartner f\u00fcr angehende Immobilienkaufleute.<br \/>\n<strong>Seit 2014<\/strong> sind wir Praxispartner der BA \u2013 Staatliche Studienakademie Leipzig.[\/vc_column_text][\/vc_column][\/vc_row]<\/p>\n<\/div>","protected":false},"excerpt":{"rendered":"<p>[vc_row row_type=&#8221;row&#8221; use_row_as_full_screen_section=&#8221;no&#8221; type=&#8221;full_width&#8221; angled_section=&#8221;no&#8221; text_align=&#8221;left&#8221; background_image_as_pattern=&#8221;without_pattern&#8221; css_animation=&#8221;&#8221; css=&#8221;.vc_custom_1467404553761{padding-top: 30px !important;}&#8221;][vc_column][vc_column_text] [\/vc_column_text][\/vc_column][\/vc_row][vc_row row_type=&#8221;row&#8221; use_row_as_full_screen_section=&#8221;no&#8221; type=&#8221;full_width&#8221; angled_section=&#8221;no&#8221; text_align=&#8221;left&#8221; background_image_as_pattern=&#8221;without_pattern&#8221; css_animation=&#8221;&#8221;][vc_column][vc_separator type=&#8221;normal&#8221; color=&#8221;#e8e8e8&#8243; thickness=&#8221;1&#8243; up=&#8221;2&#8243;][\/vc_column][\/vc_row][vc_row row_type=&#8221;row&#8221; use_row_as_full_screen_section=&#8221;no&#8221; type=&#8221;full_width&#8221; angled_section=&#8221;no&#8221; text_align=&#8221;left&#8221; background_image_as_pattern=&#8221;without_pattern&#8221; css_animation=&#8221;&#8221;][vc_column][vc_column_text]REUM &amp; SCHWARZE \u2013 MARKE MIT TRADITION &nbsp; Gegr\u00fcndet 1999 und inhabergef\u00fchrt, ist REUM &amp; SCHWARZE&#8230;<\/p>\n","protected":false},"author":1,"featured_media":0,"parent":5,"menu_order":0,"comment_status":"closed","ping_status":"closed","template":"","meta":{"footnotes":""},"class_list":["post-374","page","type-page","status-publish","hentry"],"_links":{"self":[{"href":"https:\/\/reum-schwarze.de\/en\/wp-json\/wp\/v2\/pages\/374"}],"collection":[{"href":"https:\/\/reum-schwarze.de\/en\/wp-json\/wp\/v2\/pages"}],"about":[{"href":"https:\/\/reum-schwarze.de\/en\/wp-json\/wp\/v2\/types\/page"}],"author":[{"embeddable":true,"href":"https:\/\/reum-schwarze.de\/en\/wp-json\/wp\/v2\/users\/1"}],"replies":[{"embeddable":true,"href":"https:\/\/reum-schwarze.de\/en\/wp-json\/wp\/v2\/comments?post=374"}],"version-history":[{"count":10,"href":"https:\/\/reum-schwarze.de\/en\/wp-json\/wp\/v2\/pages\/374\/revisions"}],"predecessor-version":[{"id":3506,"href":"https:\/\/reum-schwarze.de\/en\/wp-json\/wp\/v2\/pages\/374\/revisions\/3506"}],"up":[{"embeddable":true,"href":"https:\/\/reum-schwarze.de\/en\/wp-json\/wp\/v2\/pages\/5"}],"wp:attachment":[{"href":"https:\/\/reum-schwarze.de\/en\/wp-json\/wp\/v2\/media?parent=374"}],"curies":[{"name":"wp","href":"https:\/\/api.w.org\/{rel}","templated":true}]}}