{"id":384,"date":"2016-07-11T20:23:48","date_gmt":"2016-07-11T18:23:48","guid":{"rendered":"http:\/\/pods.datega.com\/?page_id=384"},"modified":"2024-08-21T17:43:17","modified_gmt":"2024-08-21T15:43:17","slug":"impressum","status":"publish","type":"page","link":"https:\/\/reum-schwarze.de\/en\/home\/impressum\/","title":{"rendered":"Imprint"},"content":{"rendered":"<div class=\"wpb-content-wrapper\"><p>[vc_row row_type=&#8221;row&#8221; use_row_as_full_screen_section=&#8221;no&#8221; type=&#8221;full_width&#8221; angled_section=&#8221;no&#8221; text_align=&#8221;left&#8221; background_image_as_pattern=&#8221;without_pattern&#8221; css_animation=&#8221;&#8221; css=&#8221;.vc_custom_1467404553761{padding-top: 30px !important;}&#8221;][vc_column][vc_column_text]<\/p>\n<pre><code><\/code><\/pre>\n<p>[\/vc_column_text][\/vc_column][\/vc_row][vc_row row_type=&#8221;row&#8221; use_row_as_full_screen_section=&#8221;no&#8221; type=&#8221;full_width&#8221; angled_section=&#8221;no&#8221; text_align=&#8221;left&#8221; background_image_as_pattern=&#8221;without_pattern&#8221; css_animation=&#8221;&#8221;][vc_column][vc_separator type=&#8221;normal&#8221; color=&#8221;#e8e8e8&#8243; thickness=&#8221;1&#8243; up=&#8221;2&#8243;][\/vc_column][\/vc_row][vc_row row_type=&#8221;row&#8221; use_row_as_full_screen_section=&#8221;no&#8221; type=&#8221;full_width&#8221; angled_section=&#8221;no&#8221; text_align=&#8221;left&#8221; background_image_as_pattern=&#8221;without_pattern&#8221; css_animation=&#8221;&#8221;][vc_column][vc_column_text]<\/p>\n<header class=\"header_style_on_scroll\">\n<h3 class=\"csc-header\">IMPRESSUM<\/h3>\n<\/header>\n<p>&nbsp;<\/p>\n<p><b>Verantwortlich:<\/b><\/p>\n<p>Reum &amp; Schwarze Wohn- und Gewerbeimmobilien GmbH<br \/>\nBilker Stra\u00dfe 29<br \/>\nD-40213 D\u00fcsseldorf<\/p>\n<p>Fon: +49 (0) 211-200 518 10<br \/>\nFax: +49 (0) 211-200 518 18<br \/>\nMail: <a class=\"mail\">kontakt@reum-schwarze.de<\/a><\/p>\n<p>&nbsp;<\/p>\n<p><b>Gesch\u00e4ftsf\u00fchrer:<\/b> Samuri Reum<\/p>\n<p>&nbsp;<\/p>\n<p><b>Sitz der Gesellschaft:<\/b><br \/>\nD\u00fcsseldorf<br \/>\nAD D\u00fcsseldorf, HRB 60734<br \/>\nUST-ID: DE 23211700769<\/p>\n<p>&nbsp;<\/p>\n<p><b>Berufskammer:<\/b><br \/>\nIHK D\u00fcsseldorf<\/p>\n<p>&nbsp;<\/p>\n<p><b>Design &amp; Programmierung:<\/b><br \/>\n<a class=\"external-link-new-window\" title=\"datega GmbH\" href=\"http:\/\/www.datega.com\/\" target=\"_blank\" rel=\"noopener\">datega GmbH<\/a><\/p>\n<p>&nbsp;<\/p>\n<p><b>Rechtliche Hinweise<\/b><br \/>\nGenehmigung nach \u00a7 34c GewO wurde erteilt durch folgende Aufsichtsbeh\u00f6rde:<br \/>\nStadt D\u00fcsseldorf \u2013 Ordnungsamt<br \/>\nWorringer Stra\u00dfe 111<br \/>\n40210 D\u00fcsseldorf<br \/>\nReum &amp; Schwarze Wohnen Makler GmbH<\/p>\n<p>&nbsp;<\/p>\n<p><b>Verbrauerinformation zur Online-Streitbeilegung gem\u00e4\u00df Verordnung (EU)Nr. 524\/2013:<\/b><b><\/b><i><\/i><br \/>\nIm Rahmen der Verordnung \u00fcber Online-Streitbeilegung zu Verbraucherangelegenheiten stellt die Europ\u00e4ische Kommission eine Plattform zur Online-Streitbeilegung (OS) bereit, die Sie unter <a href=\"http:\/\/ec.europa.eu\/consumers\/odr\/\" target=\"_blank\" rel=\"noopener\">ec.europa.eu\/consumers\/odr\/<\/a> finden.<\/p>\n<p>&nbsp;<\/p>\n<p>Der Nutzung von im Rahmen der Impressumspflicht sowie sonstiger ver\u00f6ffentlichten Kontaktdaten durch Dritte zur \u00dcbersendung von nicht ausdr\u00fccklich angeforderter Werbung und Informationsmaterialien wird hiermit ausdr\u00fccklich widersprochen. Die Betreiber der Seiten behalten sich ausdr\u00fccklich rechtliche Schritte im Falle der unverlangten Zusendung von Werbeinformationen, etwa durch Spam-Mails, vor.[\/vc_column_text][\/vc_column][\/vc_row]<\/p>\n<\/div>","protected":false},"excerpt":{"rendered":"<p>[vc_row row_type=&#8221;row&#8221; use_row_as_full_screen_section=&#8221;no&#8221; type=&#8221;full_width&#8221; angled_section=&#8221;no&#8221; text_align=&#8221;left&#8221; background_image_as_pattern=&#8221;without_pattern&#8221; css_animation=&#8221;&#8221; css=&#8221;.vc_custom_1467404553761{padding-top: 30px !important;}&#8221;][vc_column][vc_column_text] [\/vc_column_text][\/vc_column][\/vc_row][vc_row row_type=&#8221;row&#8221; use_row_as_full_screen_section=&#8221;no&#8221; type=&#8221;full_width&#8221; angled_section=&#8221;no&#8221; text_align=&#8221;left&#8221; background_image_as_pattern=&#8221;without_pattern&#8221; css_animation=&#8221;&#8221;][vc_column][vc_separator type=&#8221;normal&#8221; color=&#8221;#e8e8e8&#8243; thickness=&#8221;1&#8243; up=&#8221;2&#8243;][\/vc_column][\/vc_row][vc_row row_type=&#8221;row&#8221; use_row_as_full_screen_section=&#8221;no&#8221; type=&#8221;full_width&#8221; angled_section=&#8221;no&#8221; text_align=&#8221;left&#8221; background_image_as_pattern=&#8221;without_pattern&#8221; css_animation=&#8221;&#8221;][vc_column][vc_column_text] IMPRESSUM &nbsp; Verantwortlich: Reum &amp; Schwarze Wohn- und Gewerbeimmobilien GmbH Bilker Stra\u00dfe 29 D-40213 D\u00fcsseldorf&#8230;<\/p>\n","protected":false},"author":1,"featured_media":0,"parent":5,"menu_order":0,"comment_status":"closed","ping_status":"closed","template":"","meta":{"footnotes":""},"class_list":["post-384","page","type-page","status-publish","hentry"],"_links":{"self":[{"href":"https:\/\/reum-schwarze.de\/en\/wp-json\/wp\/v2\/pages\/384"}],"collection":[{"href":"https:\/\/reum-schwarze.de\/en\/wp-json\/wp\/v2\/pages"}],"about":[{"href":"https:\/\/reum-schwarze.de\/en\/wp-json\/wp\/v2\/types\/page"}],"author":[{"embeddable":true,"href":"https:\/\/reum-schwarze.de\/en\/wp-json\/wp\/v2\/users\/1"}],"replies":[{"embeddable":true,"href":"https:\/\/reum-schwarze.de\/en\/wp-json\/wp\/v2\/comments?post=384"}],"version-history":[{"count":10,"href":"https:\/\/reum-schwarze.de\/en\/wp-json\/wp\/v2\/pages\/384\/revisions"}],"predecessor-version":[{"id":3475,"href":"https:\/\/reum-schwarze.de\/en\/wp-json\/wp\/v2\/pages\/384\/revisions\/3475"}],"up":[{"embeddable":true,"href":"https:\/\/reum-schwarze.de\/en\/wp-json\/wp\/v2\/pages\/5"}],"wp:attachment":[{"href":"https:\/\/reum-schwarze.de\/en\/wp-json\/wp\/v2\/media?parent=384"}],"curies":[{"name":"wp","href":"https:\/\/api.w.org\/{rel}","templated":true}]}}