{"id":387,"date":"2016-07-11T20:25:25","date_gmt":"2016-07-11T18:25:25","guid":{"rendered":"http:\/\/pods.datega.com\/?page_id=387"},"modified":"2024-08-21T17:46:39","modified_gmt":"2024-08-21T15:46:39","slug":"agb","status":"publish","type":"page","link":"https:\/\/reum-schwarze.de\/en\/home\/agb\/","title":{"rendered":"Terms And Conditions"},"content":{"rendered":"<div class=\"wpb-content-wrapper\"><p>[vc_row row_type=&#8221;row&#8221; use_row_as_full_screen_section=&#8221;no&#8221; type=&#8221;full_width&#8221; angled_section=&#8221;no&#8221; text_align=&#8221;left&#8221; background_image_as_pattern=&#8221;without_pattern&#8221; css_animation=&#8221;&#8221; css=&#8221;.vc_custom_1467404553761{padding-top: 30px !important;}&#8221;][vc_column][vc_column_text]<\/p>\n<pre><code><\/code><\/pre>\n<p>[\/vc_column_text][\/vc_column][\/vc_row][vc_row row_type=&#8221;row&#8221; use_row_as_full_screen_section=&#8221;no&#8221; type=&#8221;full_width&#8221; angled_section=&#8221;no&#8221; text_align=&#8221;left&#8221; background_image_as_pattern=&#8221;without_pattern&#8221; css_animation=&#8221;&#8221;][vc_column][vc_separator type=&#8221;normal&#8221; color=&#8221;#e8e8e8&#8243; thickness=&#8221;1&#8243; up=&#8221;2&#8243;][\/vc_column][\/vc_row][vc_row row_type=&#8221;row&#8221; use_row_as_full_screen_section=&#8221;no&#8221; type=&#8221;full_width&#8221; angled_section=&#8221;no&#8221; text_align=&#8221;left&#8221; background_image_as_pattern=&#8221;without_pattern&#8221; css_animation=&#8221;&#8221;][vc_column][vc_column_text]<\/p>\n<h3>ALLGEMEINE GESCH\u00c4FTSBEDINGUNGEN<\/h3>\n<p>&nbsp;<\/p>\n<p>Die nachstehenden Allgemeinen Gesch\u00e4ftsbedingungen (AGB) sind Grundlage des Maklervertrages. Der Kunde hat die Einbeziehung dieser AGB in den Maklervertrag anerkannt und best\u00e4tigt, dass ihm ein Exemplar dieser AGB \u00fcbergeben wurde oder er auf die M\u00f6glichkeit hingewiesen wurde, diese AGB hier \u00fcber das Internet unter <a href=\"http:\/\/www.reum-schwarze.de\/\">www.reum-schwarze.de<\/a>einzusehen.<\/p>\n<p>&nbsp;<\/p>\n<p><strong>1.<\/strong><\/p>\n<p>Reum &amp; Schwarze vermittelt die Gelegenheit zum Abschluss von Vertr\u00e4gen (z. B. Kaufvertr\u00e4ge, Miet-, Pacht- oder Nutzungsvertr\u00e4ge, Beteiligungsvertrag etc..) \u00fcber bebaute und unbebaute Liegenschaften, insbesondere Wohn- und Gesch\u00e4ftsgeb\u00e4ude,\u00a0Wohnungen, Ladenlokale, B\u00fcros, Gewerbe- und Produktionshallen etc.. Der Kunde verpflichtet sich, bei Abschluss eines durch\u00a0Reum &amp; Schwarze vermittelten Vertrages die im Maklervertrag oder in innerhalb einer anderen Vereinbarung n\u00e4her bezeichnete Maklerprovision zu zahlen. Eine\u00a0Provision wird vom K\u00e4ufer bzw. gewerblichen Mieter oder P\u00e4chter erhoben, soweit nicht ausdr\u00fccklich etwas anderes vereinbart worden\u00a0ist.\u00a0Bei Nachweis der M\u00f6glichkeit zum Abschluss eines Wohnungsmietvertrages verpflichtet sich der Auftraggeber\/Besteller, \u2013 sofern nichts anderen vereinbart ist \u2013 eine Provision in H\u00f6he von 2 Monatsmieten zuz\u00fcglich der jeweils geltenden gesetzlichen Mehrwertsteuer\u00a0zu zahlen. Durch die Neufassung des WoVermG wird \u00fcblicherweise der Vermieter der Auftraggeber der Firma Reum &amp; Schwarze sein. Sollte es in Ausnahmef\u00e4llen zum Abschluss eines Suchauftrages in Textform mit dem Mieter als Auftraggeber kommen und der Auftrag des Vermieters zur Vermietung einer Wohnung danach von Reum &amp; Schwarze eingeholt werden, betr\u00e4gt die Provision des Mieters 2,38 Monatsmieten (inkl. MwSt.).<\/p>\n<p>&nbsp;<\/p>\n<p><strong>2.<\/strong><\/p>\n<p>Die Provision wird mit Abschluss des vermittelten Vertrages f\u00e4llig und zahlbar, auch wenn zu diesem Zeitpunkt die Rechnung noch nicht gestellt sein sollte. Die Stellung der Rechnung ist keine F\u00e4lligkeitsvoraussetzung. Der Kunde kommt mit der Zahlung in Verzug, wenn er nicht innerhalb von 14 Tagen nach F\u00e4lligkeit und Zugang einer Rechnung oder einer gleichwertigen Zahlungsaufstellung den Honoraranspruch ausgleicht.<\/p>\n<p>&nbsp;<\/p>\n<p><strong>3.<\/strong><\/p>\n<p>Alle unterbreiteten Angebote der Firma Reum &amp; Schwarze sind unverbindlich und freibleibend. S\u00e4mtliche Angaben zu den zu vermittelnden Objekten basieren auf Angaben von Dritten. F\u00fcr die Richtigkeit und Vollst\u00e4ndigkeit dieser Angaben \u00fcbernimmt die Firma Reum &amp; Schwarze keine Gew\u00e4hr oder Haftung. Reum &amp; Schwarze ist nicht verpflichtet,\u00a0die Angaben von Dritten\u00a0zu \u00fcberpr\u00fcfen. Ihr ist dieses aufgrund der Vielzahl der zu betreuenden Objekte in der Regel auch nicht m\u00f6glich.<\/p>\n<p>&nbsp;<\/p>\n<p><strong>4.<\/strong><\/p>\n<p>Die durch die Firma Reum &amp; Schwarze \u00fcbermittelten Daten und Angebote sind ausschlie\u00dflich f\u00fcr den Empf\u00e4nger bestimmt und von\u00a0diesem vertraulich zu behandeln. Eine Weitergabe an Dritte ist nur nach vorheriger Genehmigung durch die Firma Reum &amp; Schwarze gestattet. Die Firma Reum &amp; Schwarze verpflichtet sich, s\u00e4mtliche im Zusammenhang mit der Maklert\u00e4tigkeit erhaltenen Daten, insbesondere die pers\u00f6nlichen Daten der Kunden, vertraulich zu behandeln. Die Firma Reum &amp; Schwarze weist darauf hin, dass s\u00e4mtliche Daten in der Datenverarbeitung gespeichert werden und aufbewahrt bleiben.<\/p>\n<p>&nbsp;<\/p>\n<p><strong>5.<\/strong><\/p>\n<p>Kommt es infolge der Weitergabe der Daten und Information zu einem Vertragsabschluss eines Dritten mit dem K\u00e4ufer\/Verk\u00e4ufer bzw. Mieter\/Vermieter, so haftet der Kunde der Firma Reum &amp; Schwarze gegen\u00fcber auf Schadenersatz in H\u00f6he der Provision.<\/p>\n<p>&nbsp;<\/p>\n<p><strong>6.<\/strong><\/p>\n<p>Der Firma Reum &amp; Schwarze steht die vereinbarte Provision auch zu, wenn ein wirtschaftlich gleichwertiges, gleichartiges oder \u00e4hnliches Gesch\u00e4ft zustande kommt (z.B. Kauf anstatt Miete oder Miete anstatt Kauf oder Erbpacht anstatt Kauf etc.). Dies gilt insbesondere auch dann, wenn ein entsprechender Vertrag erst zu einem sp\u00e4teren Zeitpunkt zustande kommen soll.<\/p>\n<p>&nbsp;<\/p>\n<p><strong>7.<\/strong><\/p>\n<p>Die Firma Reum &amp; Schwarze haftet nur f\u00fcr Vorsatz und grobe Fahrl\u00e4ssigkeit. Eine Haftung f\u00fcr die Leistungen Dritter wird nicht \u00fcbernommen. Dies gilt insbesondere dann, wenn die Firma Reum &amp; Schwarze \u2013 ohne rechtliche Verpflichtung \u2013 Vertr\u00e4ge zwischen Ihren Kunden und Drittfirmen vermittelt, z. B. Bau-, Werk- oder\u00a0Finanzierungsvertr\u00e4ge etc.. F\u00fcr die Leistungen der empfohlenen oder vermittelten Unternehmen \u00fcbernimmt die Firma Reum &amp; Schwarze keine Haftung.<\/p>\n<p>&nbsp;<\/p>\n<p><strong>8.<\/strong><\/p>\n<p>Ist dem Kunden der Firma Reum &amp; Schwarze das angebotene Objekt bereits bekannt, so verpflichtet er sich, dieses unverz\u00fcglich, sp\u00e4testens innerhalb einer Woche, gegen\u00fcber der Firma Reum &amp; Schwarze qualifiziert nachzuweisen. Sollte eine entsprechende Vorkenntnismitteilung nicht innerhalb der genannten Frist erfolgen, so kann sich der Kunde nicht auf die Vorkenntnis berufen.<\/p>\n<p>&nbsp;<\/p>\n<p><strong>9.<\/strong><\/p>\n<p>Die Firma Reum &amp; Schwarze ist berechtigt, auch f\u00fcr den jeweils anderen Vertragspartner provisionspflichtig t\u00e4tig zu werden.<\/p>\n<p>&nbsp;<\/p>\n<p><strong>10.<\/strong><\/p>\n<p>Der Kunde verpflichtet sich, die Firma Reum &amp; Schwarze umgehend zu informieren, wenn er seine Kauf- bzw. Verkaufs- und\/oder Vermiet- bzw. Anmietabsicht aufgibt. F\u00fcr den Fall, dass der Verk\u00e4ufer einer Immobilie unter Umgehung der Firma Reum &amp; Schwarze das Objekt an einen Dritten ver\u00e4u\u00dfert und er zuvor an die Firma Reum &amp; Schwarze einen Makleralleinauftrag erteilt hat, so verpflichtet sich der Verk\u00e4ufer, einen pauschalierten Aufwendungs- und Schadenersatz in H\u00f6he von 1,5% des vereinbarten Kaufpreises zzgl. Umsatzsteuer zu zahlen. Dem Kunden bleibt es hierbei unbenommen, einen geringeren Schaden nachzuweisen, wie es auch der Firma Reum &amp; Schwarze unbenommen ist, einen h\u00f6heren Schaden nachzuweisen.<\/p>\n<p>&nbsp;<\/p>\n<p><strong>11.<\/strong><\/p>\n<p>F\u00fcr den Fall, dass ein Teil dieser AGB oder eine Klausel dieser AGB unwirksam oder l\u00fcckenhaft\u00a0ist, ber\u00fchrt dieses die Wirksamkeit der AGB im \u00dcbrigen nicht. Die so unwirksame Klausel sowie eine etwaige L\u00fccke soll durch das Gesetz geschlossen werden.<\/p>\n<p>&nbsp;<\/p>\n<p><strong>12.<\/strong><\/p>\n<p>Die Firma Reum &amp; Schwarze und ihr Kunde sind sich dar\u00fcber einig, dass Erf\u00fcllungsort und Gerichtstand, soweit gesetzlich zul\u00e4ssig, der Gesch\u00e4ftssitz der Firma Reum &amp; Schwarze in D\u00fcsseldorf ist.[\/vc_column_text][\/vc_column][\/vc_row]<\/p>\n<\/div>","protected":false},"excerpt":{"rendered":"<p>[vc_row row_type=&#8221;row&#8221; use_row_as_full_screen_section=&#8221;no&#8221; type=&#8221;full_width&#8221; angled_section=&#8221;no&#8221; text_align=&#8221;left&#8221; background_image_as_pattern=&#8221;without_pattern&#8221; css_animation=&#8221;&#8221; css=&#8221;.vc_custom_1467404553761{padding-top: 30px !important;}&#8221;][vc_column][vc_column_text] [\/vc_column_text][\/vc_column][\/vc_row][vc_row row_type=&#8221;row&#8221; use_row_as_full_screen_section=&#8221;no&#8221; type=&#8221;full_width&#8221; angled_section=&#8221;no&#8221; text_align=&#8221;left&#8221; background_image_as_pattern=&#8221;without_pattern&#8221; css_animation=&#8221;&#8221;][vc_column][vc_separator type=&#8221;normal&#8221; color=&#8221;#e8e8e8&#8243; thickness=&#8221;1&#8243; up=&#8221;2&#8243;][\/vc_column][\/vc_row][vc_row row_type=&#8221;row&#8221; use_row_as_full_screen_section=&#8221;no&#8221; type=&#8221;full_width&#8221; angled_section=&#8221;no&#8221; text_align=&#8221;left&#8221; background_image_as_pattern=&#8221;without_pattern&#8221; css_animation=&#8221;&#8221;][vc_column][vc_column_text] ALLGEMEINE GESCH\u00c4FTSBEDINGUNGEN &nbsp; Die nachstehenden Allgemeinen Gesch\u00e4ftsbedingungen (AGB) sind Grundlage des Maklervertrages. Der Kunde hat&#8230;<\/p>\n","protected":false},"author":1,"featured_media":0,"parent":5,"menu_order":0,"comment_status":"closed","ping_status":"closed","template":"","meta":{"footnotes":""},"class_list":["post-387","page","type-page","status-publish","hentry"],"_links":{"self":[{"href":"https:\/\/reum-schwarze.de\/en\/wp-json\/wp\/v2\/pages\/387"}],"collection":[{"href":"https:\/\/reum-schwarze.de\/en\/wp-json\/wp\/v2\/pages"}],"about":[{"href":"https:\/\/reum-schwarze.de\/en\/wp-json\/wp\/v2\/types\/page"}],"author":[{"embeddable":true,"href":"https:\/\/reum-schwarze.de\/en\/wp-json\/wp\/v2\/users\/1"}],"replies":[{"embeddable":true,"href":"https:\/\/reum-schwarze.de\/en\/wp-json\/wp\/v2\/comments?post=387"}],"version-history":[{"count":3,"href":"https:\/\/reum-schwarze.de\/en\/wp-json\/wp\/v2\/pages\/387\/revisions"}],"predecessor-version":[{"id":2868,"href":"https:\/\/reum-schwarze.de\/en\/wp-json\/wp\/v2\/pages\/387\/revisions\/2868"}],"up":[{"embeddable":true,"href":"https:\/\/reum-schwarze.de\/en\/wp-json\/wp\/v2\/pages\/5"}],"wp:attachment":[{"href":"https:\/\/reum-schwarze.de\/en\/wp-json\/wp\/v2\/media?parent=387"}],"curies":[{"name":"wp","href":"https:\/\/api.w.org\/{rel}","templated":true}]}}